{"id":33,"date":"2021-12-06T15:04:15","date_gmt":"2021-12-06T14:04:15","guid":{"rendered":"https:\/\/humle.se\/blogg\/?page_id=33"},"modified":"2022-01-11T14:42:13","modified_gmt":"2022-01-11T13:42:13","slug":"om","status":"publish","type":"page","link":"https:\/\/humle.se\/blogg\/om\/","title":{"rendered":"Om"},"content":{"rendered":"\n<p>Humleg\u00e5rdens Ekolager startades som ett familjef\u00f6retag 1992 av Eva Fahleson Ekelin och Svante Ekelin. V\u00e5r aff\u00e4rsid\u00e9 \u00e4r att tillhandah\u00e5lla bra r\u00e5varor, utrustning och litteratur, och bra service, f\u00f6r avancerade hembryggare och sm\u00e5 bryggerier.<\/p>\n\n\n\n<p>Sedan september 2020 ing\u00e5r Humleg\u00e5rdens Ekolager i koncernen Caldic.<\/p>\n\n\n\n<p>Humleg\u00e5rdens Ekolager har sedan starten varit ledande p\u00e5 sin marknad i Sverige: r\u00e5varor av h\u00f6g kvalitet f\u00f6r sm\u00e5skaliga bryggare. S\u00e5 gott som alla medalj\u00f6rer vid SM i hembryggning sedan starten 1989 \u00e4r kunder till oss. Ett antal av dessa har g\u00e5tt vidare och startat sm\u00e5 professionella bryggerier, och vi levererar ocks\u00e5 malt, humle och j\u00e4st till de flesta av Sveriges bryggerier. Givetvis har vi varor av samma h\u00f6ga kvalitet b\u00e5de f\u00f6r professionella bryggerier och f\u00f6r hembryggare &#8211; det \u00e4r bara kvantiteten som skiljer.<strong><br><br><\/strong>Humleg\u00e5rden i Ekskogen, Vallentuna, d\u00e4r vi startade verksamheten och drev den de f\u00f6rsta sjutton \u00e5ren, har f\u00e5tt sitt namn av att traktens humle f\u00f6rr i tiden odlades d\u00e4r.&nbsp;Ekolager syftar p\u00e5 att vi lagerf\u00f6r nyttigheter p\u00e5 ett b\u00e5de ekologiskt och ekonomiskt s\u00e4tt.<\/p>\n","protected":false},"excerpt":{"rendered":"<p>Humleg\u00e5rdens Ekolager startades som ett familjef\u00f6retag 1992 av Eva Fahleson Ekelin och Svante Ekelin. V\u00e5r aff\u00e4rsid\u00e9 \u00e4r att tillhandah\u00e5lla bra r\u00e5varor, utrustning och litteratur, och bra service, f\u00f6r avancerade hembryggare och sm\u00e5 bryggerier. Sedan september 2020 ing\u00e5r Humleg\u00e5rdens Ekolager i koncernen Caldic. Humleg\u00e5rdens Ekolager har sedan starten varit ledande p\u00e5 sin marknad i Sverige: r\u00e5varor&hellip; <a class=\"more-link\" href=\"https:\/\/humle.se\/blogg\/om\/\">Forts\u00e4tt l\u00e4sa <span class=\"screen-reader-text\">Om<\/span><\/a><\/p>\n","protected":false},"author":1,"featured_media":0,"parent":0,"menu_order":0,"comment_status":"closed","ping_status":"closed","template":"","meta":{"footnotes":""},"_links":{"self":[{"href":"https:\/\/humle.se\/blogg\/wp-json\/wp\/v2\/pages\/33"}],"collection":[{"href":"https:\/\/humle.se\/blogg\/wp-json\/wp\/v2\/pages"}],"about":[{"href":"https:\/\/humle.se\/blogg\/wp-json\/wp\/v2\/types\/page"}],"author":[{"embeddable":true,"href":"https:\/\/humle.se\/blogg\/wp-json\/wp\/v2\/users\/1"}],"replies":[{"embeddable":true,"href":"https:\/\/humle.se\/blogg\/wp-json\/wp\/v2\/comments?post=33"}],"version-history":[{"count":2,"href":"https:\/\/humle.se\/blogg\/wp-json\/wp\/v2\/pages\/33\/revisions"}],"predecessor-version":[{"id":124,"href":"https:\/\/humle.se\/blogg\/wp-json\/wp\/v2\/pages\/33\/revisions\/124"}],"wp:attachment":[{"href":"https:\/\/humle.se\/blogg\/wp-json\/wp\/v2\/media?parent=33"}],"curies":[{"name":"wp","href":"https:\/\/api.w.org\/{rel}","templated":true}]}}